{"id":192,"date":"2013-03-21T09:16:18","date_gmt":"2013-03-21T07:16:18","guid":{"rendered":"http:\/\/www.schiverein-traunkirchen.at\/worldpress\/?page_id=192"},"modified":"2020-12-08T14:51:14","modified_gmt":"2020-12-08T13:51:14","slug":"impressum","status":"publish","type":"page","link":"https:\/\/www.schiverein-traunkirchen.at\/wordpress\/impressum\/","title":{"rendered":"Impressum"},"content":{"rendered":"<h4>Unsere Kontaktdaten<\/h4>\n<p>Uferstrasse 1<br \/>\n4801 Traunkirchen<br \/>\n\u00d6sterreich<\/p>\n<p>E-Mail: <a href=\"mailto:werner.feichtinger@aon.at\">obman@schiverein-traunkirchen.at<\/a><br \/>\nInternet:\u00a0<a href=\"http:\/\/www.schiverein-traunkirchen.at\/\">www.schiverein-traunkirchen.at<\/a><\/p>\n<hr \/>\n<h4>Offenlegung gem\u00e4\u00df \u00a725 Mediengesetz<\/h4>\n<p>Medieninhaber: SchiVerein Traunkirchen<br \/>\nF\u00fcr den Inhalt verantwortlich: Obmann Philipp Nussbaumer<br \/>\nSitz des Vereins: Traunkirchen<\/p>\n<hr \/>\n<h4>Bildernachweis:<\/h4>\n<p>Archiv SchiVerein Traunkirchen<\/p>\n<hr \/>\n<h4>Webdesign \/ Entwicklung:<\/h4>\n<p>Schiverein Traunkirchen<\/p>\n<hr \/>\n<h4>Datenschutzerkl\u00e4rung<\/h4>\n<p>Im Hinblick auf die technischen Eigenschaften des Internet kann keine Gew\u00e4hr f\u00fcr die\u00a0Authentizit\u00e4t, Richtigkeit und Vollst\u00e4ndigkeit der im Internet zur Verf\u00fcgung gestellten\u00a0Informationen \u00fcbernommen werden. Es wird auch keine Gew\u00e4hr f\u00fcr die Verf\u00fcgbarkeit\u00a0oder den Betrieb der gegenst\u00e4ndlichen Homepage und ihrer Inhalte \u00fcbernommen.\u00a0Soweit im Content personenbezogene Bezeichnungen nur in m\u00e4nnlicher Form\u00a0angef\u00fchrt sind, beziehen sie sich auf Frauen und M\u00e4nner in gleicher Weise.\u00a0Alle Fotos dieser Website, wenn nicht angegeben, sind urheberrechtlich gesch\u00fctzt.\u00a0Sofern innerhalb des Internetangebotes die M\u00f6glichkeit der Eingabe von pers\u00f6nlichen\u00a0Daten (eMail-Adresse, Namen, Anschriften) besteht, erfolgt diese freiwillig.\u00a0Trotz sorgf\u00e4ltiger inhaltlicher Kontrolle \u00fcbernehmen wir keine Haftung f\u00fcr die Inhalte\u00a0externer Links. Der Schiverein Traunkirchen ist nicht verantwortlich\u00a0f\u00fcr den Inhalt, die Verf\u00fcgbarkeit, die Richtigkeit und die Genauigkeit der verlinkten\u00a0Seiten, deren Angebote, Links oder Werbeanzeigen. F\u00fcr den Inhalt der verlinkten\u00a0Seiten sind ausschlie\u00dflich deren Betreiber verantwortlich.<\/p>\n<hr \/>\n<h4>SVTRK inside<\/h4>\n<p>Die Platform SchiVerein-Traunkirchen inside dient ausschlie\u00dflich Mitgliedern des Vereins zur Verwaltung Ihrer Daten. Die vom Benutzer zur Verf\u00fcgung gestellte Information unterliegt <strong>nicht der Geheimhaltung<\/strong>. Personenbezogene Daten des Benutzers unterliegen dem Datenschutzgesetz und werden vom SVTRK inside Portal nur in jenem Umfang verwendet, wie sie zur pers\u00f6nlichen Betreuung oder Kundenstammdatenpflege erforderlich sind.<br \/>\nDer Schiverein Traunkirchen h\u00e4lt sich das Recht vor, Benutzer zu sperren, welche gegen die Nutzungsbedingungen bzw. IT-Richtlinien versto\u00dfen.<\/p>\n","protected":false},"excerpt":{"rendered":"<p>Unsere Kontaktdaten Uferstrasse 1 4801 Traunkirchen \u00d6sterreich E-Mail: obman@schiverein-traunkirchen.at Internet:\u00a0www.schiverein-traunkirchen.at Offenlegung gem\u00e4\u00df \u00a725 Mediengesetz Medieninhaber: SchiVerein Traunkirchen F\u00fcr den Inhalt verantwortlich: Obmann Philipp Nussbaumer Sitz des Vereins: Traunkirchen Bildernachweis: Archiv SchiVerein Traunkirchen Webdesign \/ Entwicklung: Schiverein Traunkirchen Datenschutzerkl\u00e4rung Im Hinblick &hellip; <a href=\"https:\/\/www.schiverein-traunkirchen.at\/wordpress\/impressum\/\">Weiter<\/a><\/p>\n","protected":false},"author":1,"featured_media":2162,"parent":0,"menu_order":0,"comment_status":"closed","ping_status":"closed","template":"page-fullwidth.php","meta":{"footnotes":""},"featured_image_urls_v2":{"full":["https:\/\/www.schiverein-traunkirchen.at\/wordpress\/wp-content\/uploads\/2021\/12\/defaltlogo.png",500,500,false],"thumbnail":["https:\/\/www.schiverein-traunkirchen.at\/wordpress\/wp-content\/uploads\/2021\/12\/defaltlogo-150x150.png",150,150,true],"medium":["https:\/\/www.schiverein-traunkirchen.at\/wordpress\/wp-content\/uploads\/2021\/12\/defaltlogo-300x300.png",300,300,true],"medium_large":["https:\/\/www.schiverein-traunkirchen.at\/wordpress\/wp-content\/uploads\/2021\/12\/defaltlogo.png",500,500,false],"large":["https:\/\/www.schiverein-traunkirchen.at\/wordpress\/wp-content\/uploads\/2021\/12\/defaltlogo.png",500,500,false],"1536x1536":["https:\/\/www.schiverein-traunkirchen.at\/wordpress\/wp-content\/uploads\/2021\/12\/defaltlogo.png",500,500,false],"2048x2048":["https:\/\/www.schiverein-traunkirchen.at\/wordpress\/wp-content\/uploads\/2021\/12\/defaltlogo.png",500,500,false],"widget-thumb":["https:\/\/www.schiverein-traunkirchen.at\/wordpress\/wp-content\/uploads\/2021\/12\/defaltlogo-80x50.png",80,50,true],"awpcp-thumbnail":["https:\/\/www.schiverein-traunkirchen.at\/wordpress\/wp-content\/uploads\/2021\/12\/defaltlogo-125x125.png",125,125,true],"awpcp-featured":["https:\/\/www.schiverein-traunkirchen.at\/wordpress\/wp-content\/uploads\/2021\/12\/defaltlogo-200x200.png",200,200,true],"awpcp-featured-on-lists":["https:\/\/www.schiverein-traunkirchen.at\/wordpress\/wp-content\/uploads\/2021\/12\/defaltlogo-80x80.png",80,80,true],"awpcp-large":["https:\/\/www.schiverein-traunkirchen.at\/wordpress\/wp-content\/uploads\/2021\/12\/defaltlogo.png",500,500,false]},"post_excerpt_stackable_v2":"<p>Unsere Kontaktdaten Uferstrasse 1 4801 Traunkirchen \u00d6sterreich E-Mail: obman@schiverein-traunkirchen.at Internet:\u00a0www.schiverein-traunkirchen.at Offenlegung gem\u00e4\u00df \u00a725 Mediengesetz Medieninhaber: SchiVerein Traunkirchen F\u00fcr den Inhalt verantwortlich: Obmann Philipp Nussbaumer Sitz des Vereins: Traunkirchen Bildernachweis: Archiv SchiVerein Traunkirchen Webdesign \/ Entwicklung: Schiverein Traunkirchen Datenschutzerkl\u00e4rung Im Hinblick auf die technischen Eigenschaften des Internet kann keine Gew\u00e4hr f\u00fcr die\u00a0Authentizit\u00e4t, Richtigkeit und Vollst\u00e4ndigkeit der im Internet zur Verf\u00fcgung gestellten\u00a0Informationen \u00fcbernommen werden. Es wird auch keine Gew\u00e4hr f\u00fcr die Verf\u00fcgbarkeit\u00a0oder den Betrieb der gegenst\u00e4ndlichen Homepage und ihrer Inhalte \u00fcbernommen.\u00a0Soweit im Content personenbezogene Bezeichnungen nur in m\u00e4nnlicher Form\u00a0angef\u00fchrt sind, beziehen sie sich auf Frauen und M\u00e4nner in gleicher Weise.\u00a0Alle Fotos dieser&hellip;<\/p>\n","category_list_v2":"","author_info_v2":{"name":"SVTRK Admin","url":"https:\/\/www.schiverein-traunkirchen.at\/wordpress\/author\/wordpressadmin\/"},"comments_num_v2":"0 comments","_links":{"self":[{"href":"https:\/\/www.schiverein-traunkirchen.at\/wordpress\/wp-json\/wp\/v2\/pages\/192"}],"collection":[{"href":"https:\/\/www.schiverein-traunkirchen.at\/wordpress\/wp-json\/wp\/v2\/pages"}],"about":[{"href":"https:\/\/www.schiverein-traunkirchen.at\/wordpress\/wp-json\/wp\/v2\/types\/page"}],"author":[{"embeddable":true,"href":"https:\/\/www.schiverein-traunkirchen.at\/wordpress\/wp-json\/wp\/v2\/users\/1"}],"replies":[{"embeddable":true,"href":"https:\/\/www.schiverein-traunkirchen.at\/wordpress\/wp-json\/wp\/v2\/comments?post=192"}],"version-history":[{"count":14,"href":"https:\/\/www.schiverein-traunkirchen.at\/wordpress\/wp-json\/wp\/v2\/pages\/192\/revisions"}],"predecessor-version":[{"id":1991,"href":"https:\/\/www.schiverein-traunkirchen.at\/wordpress\/wp-json\/wp\/v2\/pages\/192\/revisions\/1991"}],"wp:featuredmedia":[{"embeddable":true,"href":"https:\/\/www.schiverein-traunkirchen.at\/wordpress\/wp-json\/wp\/v2\/media\/2162"}],"wp:attachment":[{"href":"https:\/\/www.schiverein-traunkirchen.at\/wordpress\/wp-json\/wp\/v2\/media?parent=192"}],"curies":[{"name":"wp","href":"https:\/\/api.w.org\/{rel}","templated":true}]}}